{"id":16,"date":"2023-07-14T19:19:50","date_gmt":"2023-07-14T19:19:50","guid":{"rendered":"https:\/\/carlosmorenoblockchain.com\/?page_id=16"},"modified":"2026-02-24T20:26:57","modified_gmt":"2026-02-25T00:26:57","slug":"sobre-mi","status":"publish","type":"page","link":"https:\/\/carlosmorenoblockchain.com\/index.php\/sobre-mi\/","title":{"rendered":"Sobre m\u00ed"},"content":{"rendered":"\n<hr class=\"wp-block-separator has-alpha-channel-opacity\"\/>\n\n\n\n<div class=\"wp-block-media-text is-stacked-on-mobile is-vertically-aligned-center\" style=\"grid-template-columns:46% auto\"><figure class=\"wp-block-media-text__media\"><img loading=\"lazy\" decoding=\"async\" width=\"640\" height=\"1024\" src=\"https:\/\/carlosmorenoblockchain.com\/wp-content\/uploads\/2026\/01\/Carlos-640x1024.jpg\" alt=\"\" class=\"wp-image-2048 size-full\" srcset=\"https:\/\/carlosmorenoblockchain.com\/wp-content\/uploads\/2026\/01\/Carlos-640x1024.jpg 640w, https:\/\/carlosmorenoblockchain.com\/wp-content\/uploads\/2026\/01\/Carlos-188x300.jpg 188w, https:\/\/carlosmorenoblockchain.com\/wp-content\/uploads\/2026\/01\/Carlos-768x1229.jpg 768w, https:\/\/carlosmorenoblockchain.com\/wp-content\/uploads\/2026\/01\/Carlos.jpg 800w\" sizes=\"auto, (max-width: 640px) 100vw, 640px\" \/><\/figure><div class=\"wp-block-media-text__content\">\n<h2 class=\"wp-block-heading\">Ingeniero Electr\u00f3nico con m\u00e1s de 30 a\u00f1os de experiencia en infraestructura tecnol\u00f3gica y gesti\u00f3n corporativa. Especialista en la convergencia de Web3, finanzas descentralizadas (DeFi) e Inteligencia Artificial aplicada a modelos de negocio.<\/h2>\n<\/div><\/div>\n\n\n\n<div style=\"height:100px\" aria-hidden=\"true\" class=\"wp-block-spacer\"><\/div>\n\n\n\n<div class=\"wp-block-media-text alignwide has-media-on-the-right is-stacked-on-mobile\"><div class=\"wp-block-media-text__content\">\n<h2 class=\"wp-block-heading\">En el \u00e1mbito institucional, dirige el Instituto de Altos Estudios en Econom\u00eda y Finanzas Digitales (IAEFD) y lidera la estrategia gremial de integraci\u00f3n de criptoactivos en el comercio electr\u00f3nico nacional desde Cavecom-e.<\/h2>\n<\/div><figure class=\"wp-block-media-text__media\"><img loading=\"lazy\" decoding=\"async\" width=\"1024\" height=\"1024\" src=\"https:\/\/carlosmorenoblockchain.com\/wp-content\/uploads\/2024\/08\/imagen_2024-08-18_091118618.png\" alt=\"\" class=\"wp-image-1425 size-full\" srcset=\"https:\/\/carlosmorenoblockchain.com\/wp-content\/uploads\/2024\/08\/imagen_2024-08-18_091118618.png 1024w, https:\/\/carlosmorenoblockchain.com\/wp-content\/uploads\/2024\/08\/imagen_2024-08-18_091118618-300x300.png 300w, https:\/\/carlosmorenoblockchain.com\/wp-content\/uploads\/2024\/08\/imagen_2024-08-18_091118618-150x150.png 150w, https:\/\/carlosmorenoblockchain.com\/wp-content\/uploads\/2024\/08\/imagen_2024-08-18_091118618-768x768.png 768w\" sizes=\"auto, (max-width: 1024px) 100vw, 1024px\" \/><\/figure><\/div>\n\n\n\n<div style=\"height:100px\" aria-hidden=\"true\" class=\"wp-block-spacer\"><\/div>\n\n\n<!DOCTYPE html>\r\n<html>\r\n<head>\r\n  <title>Video Loop<\/title>\r\n  <link rel=\"stylesheet\" type=\"text\/css\" href=\"styles.css\">\r\n<\/head>\r\n<body>\r\n  <div class=\"wp-unique-video-container\">\r\n    <video class=\"wp-unique-video\" autoplay loop muted>\r\n      <source src=\"https:\/\/carlosmorenoblockchain.com\/wp-content\/uploads\/2023\/07\/VID-20230220-WA0008.mp4\" type=\"video\/mp4\">\r\n      Tu navegador no soporta el elemento de video.\r\n    <\/video>\r\n  <\/div>\r\n<\/body>\r\n<\/html>\r\n\n\n\n\n<div style=\"height:60px\" aria-hidden=\"true\" class=\"wp-block-spacer\"><\/div>\n\n\n\n<h2 class=\"wp-block-heading has-text-align-center\">A nivel operativo y de desarrollo, act\u00faa como orquestador de ecosistemas digitales, dise\u00f1ando infraestructuras para la tokenizaci\u00f3n de activos del mundo real (RWA), protocolos de propiedad intelectual descentralizada (ipNFTs) y plataformas EdTech orientadas a la democratizaci\u00f3n financiera. Su enfoque se centra en construir puentes arquitect\u00f3nicos entre la econom\u00eda tradicional y los entornos tecnol\u00f3gicos emergentes.<\/h2>\n\n\n\n<div style=\"height:100px\" aria-hidden=\"true\" class=\"wp-block-spacer\"><\/div>\n\n\n\n<div class=\"wp-block-media-text alignwide has-media-on-the-right is-stacked-on-mobile\" style=\"grid-template-columns:auto 54%\"><div class=\"wp-block-media-text__content\">\n<h2 class=\"wp-block-heading\"><strong>Ejes de Acci\u00f3n Actuales:<\/strong><\/h2>\n\n\n\n<p><strong>Desarrollo EdTech &amp; PYMES:<\/strong> Estructuraci\u00f3n de la plataforma <em>Cifraflow<\/em> y orquestaci\u00f3n del proyecto de formalizaci\u00f3n <em>Kit Digital Venezuela<\/em>.<\/p>\n\n\n\n<p><strong>Direcci\u00f3n Institucional:<\/strong> Estandarizaci\u00f3n acad\u00e9mica (IAEFD) y normativa comercial (Cavecom-e) para el ecosistema cripto.<\/p>\n\n\n\n<p><strong>Arquitectura Fintech &amp; Web3:<\/strong> Ideaci\u00f3n de plataformas de inversi\u00f3n integral y el protocolo de tokenizaci\u00f3n de conocimiento <em>The Cognition Ledger<\/em>.<\/p>\n<\/div><figure class=\"wp-block-media-text__media\"><img loading=\"lazy\" decoding=\"async\" width=\"960\" height=\"960\" src=\"https:\/\/carlosmorenoblockchain.com\/wp-content\/uploads\/2023\/07\/1690656771168.webp\" alt=\"\" class=\"wp-image-297 size-full\" srcset=\"https:\/\/carlosmorenoblockchain.com\/wp-content\/uploads\/2023\/07\/1690656771168.webp 960w, https:\/\/carlosmorenoblockchain.com\/wp-content\/uploads\/2023\/07\/1690656771168-300x300.webp 300w, https:\/\/carlosmorenoblockchain.com\/wp-content\/uploads\/2023\/07\/1690656771168-150x150.webp 150w, https:\/\/carlosmorenoblockchain.com\/wp-content\/uploads\/2023\/07\/1690656771168-768x768.webp 768w\" sizes=\"auto, (max-width: 960px) 100vw, 960px\" \/><\/figure><\/div>\n\n\n\n<div style=\"height:100px\" aria-hidden=\"true\" class=\"wp-block-spacer\"><\/div>\n\n\n\n<div class=\"wp-block-media-text alignwide is-stacked-on-mobile\" style=\"grid-template-columns:34% auto\"><figure class=\"wp-block-media-text__media\"><a href=\"https:\/\/iaefd.com\/\" target=\"_blank\" rel=\"noreferrer noopener\"><img loading=\"lazy\" decoding=\"async\" width=\"576\" height=\"1024\" src=\"https:\/\/carlosmorenoblockchain.com\/wp-content\/uploads\/2025\/03\/1740939896861-576x1024.webp\" alt=\"\" class=\"wp-image-1906 size-full\" srcset=\"https:\/\/carlosmorenoblockchain.com\/wp-content\/uploads\/2025\/03\/1740939896861-576x1024.webp 576w, https:\/\/carlosmorenoblockchain.com\/wp-content\/uploads\/2025\/03\/1740939896861-169x300.webp 169w, https:\/\/carlosmorenoblockchain.com\/wp-content\/uploads\/2025\/03\/1740939896861-768x1365.webp 768w, https:\/\/carlosmorenoblockchain.com\/wp-content\/uploads\/2025\/03\/1740939896861-864x1536.webp 864w, https:\/\/carlosmorenoblockchain.com\/wp-content\/uploads\/2025\/03\/1740939896861.webp 900w\" sizes=\"auto, (max-width: 576px) 100vw, 576px\" \/><\/a><\/figure><div class=\"wp-block-media-text__content\">\n<h2 class=\"wp-block-heading\">Actualmente soy el Director General del Instituto de altos estudios en Econom\u00eda y Finanzas Digitales<\/h2>\n<\/div><\/div>\n\n\n\n<div style=\"height:100px\" aria-hidden=\"true\" class=\"wp-block-spacer\"><\/div>\n\n\n\n<div class=\"wp-block-media-text alignwide has-media-on-the-right is-stacked-on-mobile\" style=\"grid-template-columns:auto 34%\"><div class=\"wp-block-media-text__content\">\n<h4 class=\"wp-block-heading\"><br>FORMACION:<\/h4>\n\n\n\n<h4 class=\"wp-block-heading\">Ingeniero Electr\u00f3nico IUPFAN 1992.<br>Magister en Econom\u00eda de Empresas UC 2023.<br><\/h4>\n<\/div><figure class=\"wp-block-media-text__media\"><img loading=\"lazy\" decoding=\"async\" width=\"380\" height=\"262\" src=\"https:\/\/carlosmorenoblockchain.com\/wp-content\/uploads\/2023\/07\/Nuevo-Presentacion-de-Microsoft-PowerPoint.png\" alt=\"\" class=\"wp-image-332 size-full\" srcset=\"https:\/\/carlosmorenoblockchain.com\/wp-content\/uploads\/2023\/07\/Nuevo-Presentacion-de-Microsoft-PowerPoint.png 380w, https:\/\/carlosmorenoblockchain.com\/wp-content\/uploads\/2023\/07\/Nuevo-Presentacion-de-Microsoft-PowerPoint-300x207.png 300w\" sizes=\"auto, (max-width: 380px) 100vw, 380px\" \/><\/figure><\/div>\n\n\n\n<hr class=\"wp-block-separator has-alpha-channel-opacity\"\/>\n\n\n\n<div style=\"height:100px\" aria-hidden=\"true\" class=\"wp-block-spacer\"><\/div>\n\n\n\n<div class=\"wp-block-group alignfull has-contrast-color has-text-color is-vertical is-content-justification-center is-layout-flex wp-container-core-group-is-layout-f1198d31 wp-block-group-is-layout-flex\" style=\"min-height:40vh;margin-top:0;margin-bottom:0;padding-top:var(--wp--preset--spacing--60);padding-right:var(--wp--preset--spacing--50);padding-bottom:var(--wp--preset--spacing--60);padding-left:var(--wp--preset--spacing--50)\"><div style=\"margin-bottom:6px;\" class=\"aligncenter wp-block-site-logo\"><a href=\"https:\/\/carlosmorenoblockchain.com\/\" class=\"custom-logo-link\" rel=\"home\"><img loading=\"lazy\" decoding=\"async\" width=\"184\" height=\"67\" src=\"https:\/\/carlosmorenoblockchain.com\/wp-content\/uploads\/2026\/01\/cropped-Gemini_Generated_Image_kdkn7ckdkn7ckdkn-1.png\" class=\"custom-logo\" alt=\"ING. CARLOS MORENO\" srcset=\"https:\/\/carlosmorenoblockchain.com\/wp-content\/uploads\/2026\/01\/cropped-Gemini_Generated_Image_kdkn7ckdkn7ckdkn-1.png 1582w, https:\/\/carlosmorenoblockchain.com\/wp-content\/uploads\/2026\/01\/cropped-Gemini_Generated_Image_kdkn7ckdkn7ckdkn-1-300x111.png 300w, https:\/\/carlosmorenoblockchain.com\/wp-content\/uploads\/2026\/01\/cropped-Gemini_Generated_Image_kdkn7ckdkn7ckdkn-1-1024x378.png 1024w, https:\/\/carlosmorenoblockchain.com\/wp-content\/uploads\/2026\/01\/cropped-Gemini_Generated_Image_kdkn7ckdkn7ckdkn-1-768x284.png 768w, https:\/\/carlosmorenoblockchain.com\/wp-content\/uploads\/2026\/01\/cropped-Gemini_Generated_Image_kdkn7ckdkn7ckdkn-1-1536x567.png 1536w\" sizes=\"auto, (max-width: 184px) 100vw, 184px\" \/><\/a><\/div>\n\n\n<p class=\"has-text-align-center has-medium-font-size\"><\/p>\n\n\n\n<ul class=\"wp-block-social-links has-normal-icon-size is-style-logos-only is-nowrap is-layout-flex wp-container-core-social-links-is-layout-53bee8aa wp-block-social-links-is-layout-flex\"><li class=\"wp-social-link wp-social-link-instagram  wp-block-social-link\"><a href=\"https:\/\/www.instagram.com\/carlosmoreno.blockchain\/\" class=\"wp-block-social-link-anchor\"><svg width=\"24\" height=\"24\" viewBox=\"0 0 24 24\" version=\"1.1\" xmlns=\"http:\/\/www.w3.org\/2000\/svg\" aria-hidden=\"true\" focusable=\"false\"><path d=\"M12,4.622c2.403,0,2.688,0.009,3.637,0.052c0.877,0.04,1.354,0.187,1.671,0.31c0.42,0.163,0.72,0.358,1.035,0.673 c0.315,0.315,0.51,0.615,0.673,1.035c0.123,0.317,0.27,0.794,0.31,1.671c0.043,0.949,0.052,1.234,0.052,3.637 s-0.009,2.688-0.052,3.637c-0.04,0.877-0.187,1.354-0.31,1.671c-0.163,0.42-0.358,0.72-0.673,1.035 c-0.315,0.315-0.615,0.51-1.035,0.673c-0.317,0.123-0.794,0.27-1.671,0.31c-0.949,0.043-1.233,0.052-3.637,0.052 s-2.688-0.009-3.637-0.052c-0.877-0.04-1.354-0.187-1.671-0.31c-0.42-0.163-0.72-0.358-1.035-0.673 c-0.315-0.315-0.51-0.615-0.673-1.035c-0.123-0.317-0.27-0.794-0.31-1.671C4.631,14.688,4.622,14.403,4.622,12 s0.009-2.688,0.052-3.637c0.04-0.877,0.187-1.354,0.31-1.671c0.163-0.42,0.358-0.72,0.673-1.035 c0.315-0.315,0.615-0.51,1.035-0.673c0.317-0.123,0.794-0.27,1.671-0.31C9.312,4.631,9.597,4.622,12,4.622 M12,3 C9.556,3,9.249,3.01,8.289,3.054C7.331,3.098,6.677,3.25,6.105,3.472C5.513,3.702,5.011,4.01,4.511,4.511 c-0.5,0.5-0.808,1.002-1.038,1.594C3.25,6.677,3.098,7.331,3.054,8.289C3.01,9.249,3,9.556,3,12c0,2.444,0.01,2.751,0.054,3.711 c0.044,0.958,0.196,1.612,0.418,2.185c0.23,0.592,0.538,1.094,1.038,1.594c0.5,0.5,1.002,0.808,1.594,1.038 c0.572,0.222,1.227,0.375,2.185,0.418C9.249,20.99,9.556,21,12,21s2.751-0.01,3.711-0.054c0.958-0.044,1.612-0.196,2.185-0.418 c0.592-0.23,1.094-0.538,1.594-1.038c0.5-0.5,0.808-1.002,1.038-1.594c0.222-0.572,0.375-1.227,0.418-2.185 C20.99,14.751,21,14.444,21,12s-0.01-2.751-0.054-3.711c-0.044-0.958-0.196-1.612-0.418-2.185c-0.23-0.592-0.538-1.094-1.038-1.594 c-0.5-0.5-1.002-0.808-1.594-1.038c-0.572-0.222-1.227-0.375-2.185-0.418C14.751,3.01,14.444,3,12,3L12,3z M12,7.378 c-2.552,0-4.622,2.069-4.622,4.622S9.448,16.622,12,16.622s4.622-2.069,4.622-4.622S14.552,7.378,12,7.378z M12,15 c-1.657,0-3-1.343-3-3s1.343-3,3-3s3,1.343,3,3S13.657,15,12,15z M16.804,6.116c-0.596,0-1.08,0.484-1.08,1.08 s0.484,1.08,1.08,1.08c0.596,0,1.08-0.484,1.08-1.08S17.401,6.116,16.804,6.116z\"><\/path><\/svg><span class=\"wp-block-social-link-label screen-reader-text\">Instagram<\/span><\/a><\/li>\n\n<li class=\"wp-social-link wp-social-link-x  wp-block-social-link\"><a href=\"https:\/\/x.com\/MorenoCCrypto\" class=\"wp-block-social-link-anchor\"><svg width=\"24\" height=\"24\" viewBox=\"0 0 24 24\" version=\"1.1\" xmlns=\"http:\/\/www.w3.org\/2000\/svg\" aria-hidden=\"true\" focusable=\"false\"><path d=\"M13.982 10.622 20.54 3h-1.554l-5.693 6.618L8.745 3H3.5l6.876 10.007L3.5 21h1.554l6.012-6.989L15.868 21h5.245l-7.131-10.378Zm-2.128 2.474-.697-.997-5.543-7.93H8l4.474 6.4.697.996 5.815 8.318h-2.387l-4.745-6.787Z\" \/><\/svg><span class=\"wp-block-social-link-label screen-reader-text\">X<\/span><\/a><\/li>\n\n<li class=\"wp-social-link wp-social-link-facebook  wp-block-social-link\"><a href=\"https:\/\/www.facebook.com\/carlosmoreno.blockchain\" class=\"wp-block-social-link-anchor\"><svg width=\"24\" height=\"24\" viewBox=\"0 0 24 24\" version=\"1.1\" xmlns=\"http:\/\/www.w3.org\/2000\/svg\" aria-hidden=\"true\" focusable=\"false\"><path d=\"M12 2C6.5 2 2 6.5 2 12c0 5 3.7 9.1 8.4 9.9v-7H7.9V12h2.5V9.8c0-2.5 1.5-3.9 3.8-3.9 1.1 0 2.2.2 2.2.2v2.5h-1.3c-1.2 0-1.6.8-1.6 1.6V12h2.8l-.4 2.9h-2.3v7C18.3 21.1 22 17 22 12c0-5.5-4.5-10-10-10z\"><\/path><\/svg><span class=\"wp-block-social-link-label screen-reader-text\">Facebook<\/span><\/a><\/li>\n\n<li class=\"wp-social-link wp-social-link-whatsapp  wp-block-social-link\"><a href=\"https:\/\/+584143406989\" class=\"wp-block-social-link-anchor\"><svg width=\"24\" height=\"24\" viewBox=\"0 0 24 24\" version=\"1.1\" xmlns=\"http:\/\/www.w3.org\/2000\/svg\" aria-hidden=\"true\" focusable=\"false\"><path d=\"M 12.011719 2 C 6.5057187 2 2.0234844 6.478375 2.0214844 11.984375 C 2.0204844 13.744375 2.4814687 15.462563 3.3554688 16.976562 L 2 22 L 7.2324219 20.763672 C 8.6914219 21.559672 10.333859 21.977516 12.005859 21.978516 L 12.009766 21.978516 C 17.514766 21.978516 21.995047 17.499141 21.998047 11.994141 C 22.000047 9.3251406 20.962172 6.8157344 19.076172 4.9277344 C 17.190172 3.0407344 14.683719 2.001 12.011719 2 z M 12.009766 4 C 14.145766 4.001 16.153109 4.8337969 17.662109 6.3417969 C 19.171109 7.8517969 20.000047 9.8581875 19.998047 11.992188 C 19.996047 16.396187 16.413812 19.978516 12.007812 19.978516 C 10.674812 19.977516 9.3544062 19.642812 8.1914062 19.007812 L 7.5175781 18.640625 L 6.7734375 18.816406 L 4.8046875 19.28125 L 5.2851562 17.496094 L 5.5019531 16.695312 L 5.0878906 15.976562 C 4.3898906 14.768562 4.0204844 13.387375 4.0214844 11.984375 C 4.0234844 7.582375 7.6067656 4 12.009766 4 z M 8.4765625 7.375 C 8.3095625 7.375 8.0395469 7.4375 7.8105469 7.6875 C 7.5815469 7.9365 6.9355469 8.5395781 6.9355469 9.7675781 C 6.9355469 10.995578 7.8300781 12.182609 7.9550781 12.349609 C 8.0790781 12.515609 9.68175 15.115234 12.21875 16.115234 C 14.32675 16.946234 14.754891 16.782234 15.212891 16.740234 C 15.670891 16.699234 16.690438 16.137687 16.898438 15.554688 C 17.106437 14.971687 17.106922 14.470187 17.044922 14.367188 C 16.982922 14.263188 16.816406 14.201172 16.566406 14.076172 C 16.317406 13.951172 15.090328 13.348625 14.861328 13.265625 C 14.632328 13.182625 14.464828 13.140625 14.298828 13.390625 C 14.132828 13.640625 13.655766 14.201187 13.509766 14.367188 C 13.363766 14.534188 13.21875 14.556641 12.96875 14.431641 C 12.71875 14.305641 11.914938 14.041406 10.960938 13.191406 C 10.218937 12.530406 9.7182656 11.714844 9.5722656 11.464844 C 9.4272656 11.215844 9.5585938 11.079078 9.6835938 10.955078 C 9.7955938 10.843078 9.9316406 10.663578 10.056641 10.517578 C 10.180641 10.371578 10.223641 10.267562 10.306641 10.101562 C 10.389641 9.9355625 10.347156 9.7890625 10.285156 9.6640625 C 10.223156 9.5390625 9.737625 8.3065 9.515625 7.8125 C 9.328625 7.3975 9.131125 7.3878594 8.953125 7.3808594 C 8.808125 7.3748594 8.6425625 7.375 8.4765625 7.375 z\"><\/path><\/svg><span class=\"wp-block-social-link-label screen-reader-text\">WhatsApp<\/span><\/a><\/li>\n\n<li class=\"wp-social-link wp-social-link-linkedin  wp-block-social-link\"><a href=\"https:\/\/www.linkedin.com\/in\/carlosmorenoblockchain\/?lipi=urn%3Ali%3Apage%3Ad_flagship3_profile_view_base%3BPIuKQBZQSUKbsCywPHhTfQ%3D%3D\" class=\"wp-block-social-link-anchor\"><svg width=\"24\" height=\"24\" viewBox=\"0 0 24 24\" version=\"1.1\" xmlns=\"http:\/\/www.w3.org\/2000\/svg\" aria-hidden=\"true\" focusable=\"false\"><path d=\"M19.7,3H4.3C3.582,3,3,3.582,3,4.3v15.4C3,20.418,3.582,21,4.3,21h15.4c0.718,0,1.3-0.582,1.3-1.3V4.3 C21,3.582,20.418,3,19.7,3z M8.339,18.338H5.667v-8.59h2.672V18.338z M7.004,8.574c-0.857,0-1.549-0.694-1.549-1.548 c0-0.855,0.691-1.548,1.549-1.548c0.854,0,1.547,0.694,1.547,1.548C8.551,7.881,7.858,8.574,7.004,8.574z M18.339,18.338h-2.669 v-4.177c0-0.996-0.017-2.278-1.387-2.278c-1.389,0-1.601,1.086-1.601,2.206v4.249h-2.667v-8.59h2.559v1.174h0.037 c0.356-0.675,1.227-1.387,2.526-1.387c2.703,0,3.203,1.779,3.203,4.092V18.338z\"><\/path><\/svg><span class=\"wp-block-social-link-label screen-reader-text\">LinkedIn<\/span><\/a><\/li><\/ul>\n<\/div>\n","protected":false},"excerpt":{"rendered":"<p>Ingeniero Electr\u00f3nico con m\u00e1s de 30 a\u00f1os de experiencia en infraestructura tecnol\u00f3gica y gesti\u00f3n corporativa. Especialista en la convergencia de Web3, finanzas descentralizadas (DeFi) e Inteligencia Artificial aplicada a modelos de negocio. En el \u00e1mbito institucional, dirige el Instituto de Altos Estudios en Econom\u00eda y Finanzas Digitales (IAEFD) y lidera la estrategia gremial de integraci\u00f3n &#8230; <a title=\"Sobre m\u00ed\" class=\"read-more\" href=\"https:\/\/carlosmorenoblockchain.com\/index.php\/sobre-mi\/\" aria-label=\"Leer m\u00e1s sobre Sobre m\u00ed\">Leer m\u00e1s<\/a><\/p>\n","protected":false},"author":1,"featured_media":0,"parent":0,"menu_order":0,"comment_status":"closed","ping_status":"closed","template":"","meta":{"iawp_total_views":246,"footnotes":""},"class_list":["post-16","page","type-page","status-publish"],"aioseo_notices":[],"_links":{"self":[{"href":"https:\/\/carlosmorenoblockchain.com\/index.php\/wp-json\/wp\/v2\/pages\/16","targetHints":{"allow":["GET"]}}],"collection":[{"href":"https:\/\/carlosmorenoblockchain.com\/index.php\/wp-json\/wp\/v2\/pages"}],"about":[{"href":"https:\/\/carlosmorenoblockchain.com\/index.php\/wp-json\/wp\/v2\/types\/page"}],"author":[{"embeddable":true,"href":"https:\/\/carlosmorenoblockchain.com\/index.php\/wp-json\/wp\/v2\/users\/1"}],"replies":[{"embeddable":true,"href":"https:\/\/carlosmorenoblockchain.com\/index.php\/wp-json\/wp\/v2\/comments?post=16"}],"version-history":[{"count":78,"href":"https:\/\/carlosmorenoblockchain.com\/index.php\/wp-json\/wp\/v2\/pages\/16\/revisions"}],"predecessor-version":[{"id":2056,"href":"https:\/\/carlosmorenoblockchain.com\/index.php\/wp-json\/wp\/v2\/pages\/16\/revisions\/2056"}],"wp:attachment":[{"href":"https:\/\/carlosmorenoblockchain.com\/index.php\/wp-json\/wp\/v2\/media?parent=16"}],"curies":[{"name":"wp","href":"https:\/\/api.w.org\/{rel}","templated":true}]}}