{"id":1537,"date":"2024-08-19T18:24:37","date_gmt":"2024-08-19T22:24:37","guid":{"rendered":"https:\/\/carlosmorenoblockchain.com\/?page_id=1537"},"modified":"2024-08-19T18:31:28","modified_gmt":"2024-08-19T22:31:28","slug":"blog","status":"publish","type":"page","link":"https:\/\/carlosmorenoblockchain.com\/index.php\/blog\/","title":{"rendered":"Blog"},"content":{"rendered":"\n<div class=\"wp-block-query alignfull is-layout-flow wp-block-query-is-layout-flow\">\n<div class=\"wp-block-group alignfull\" style=\"padding-top:0;padding-right:0;padding-bottom:0;padding-left:0\"><div class=\"wp-block-group__inner-container is-layout-flow wp-block-group-is-layout-flow\"><ul style=\"text-transform:none;\" class=\"wp-block-post-template is-layout-flow wp-block-post-template-is-layout-flow\"><li class=\"wp-block-post post-1806 post type-post status-publish format-standard hentry category-blog\">\n\n<div class=\"wp-block-group\" style=\"border-bottom-color:var(--wp--preset--color--contrast);border-bottom-width:1px\"><div class=\"wp-block-group__inner-container is-layout-flow wp-block-group-is-layout-flow\">\n<div class=\"wp-block-group is-content-justification-space-between is-nowrap is-layout-flex wp-container-core-group-is-layout-55e093fa wp-block-group-is-layout-flex\" style=\"padding-top:16px;padding-right:16px;padding-bottom:16px;padding-left:16px\">\n<div class=\"wp-block-group is-nowrap is-layout-flex wp-container-core-group-is-layout-236abb9a wp-block-group-is-layout-flex\">\n<p>\u2734\ufe0e<\/p>\n\n\n<div style=\"text-transform:uppercase; margin-top:0;margin-right:0;margin-bottom:0;margin-left:0;\" class=\"has-text-align-left has-link-color wp-elements-4003f76eccbf507a9e3d7e84a42ea154 wp-block-post-date has-text-color has-contrast-color has-small-font-size\"><time datetime=\"2025-01-01T18:32:18-04:00\">Ene 1, 2025<\/time><\/div><\/div>\n\n\n<div style=\"text-transform:uppercase\" class=\"taxonomy-category has-link-color wp-elements-d846021732facad792835971f80af878 wp-block-post-terms has-text-color has-contrast-color\"><span class=\"wp-block-post-terms__prefix\">\u2734\ufe0e <\/span><a href=\"https:\/\/carlosmorenoblockchain.com\/index.php\/category\/blog\/\" rel=\"tag\">Blog<\/a><\/div><\/div>\n<\/div><\/div>\n\n\n\n<div class=\"wp-block-group is-vertical is-layout-flex wp-container-core-group-is-layout-1134e2f3 wp-block-group-is-layout-flex\" style=\"padding-top:16px;padding-right:16px;padding-bottom:var(--wp--preset--spacing--70);padding-left:16px\"><h2 style=\"font-size:5.2rem;font-style:normal;font-weight:500;line-height:1.1;text-transform:uppercase; margin-top:0;margin-right:0;margin-bottom:0;margin-left:0;\" class=\"has-link-color wp-elements-eba6f7f6e0a9160611aa886fe4e31449 wp-block-post-title has-text-color has-contrast-color\"><a href=\"https:\/\/carlosmorenoblockchain.com\/index.php\/2025\/01\/01\/los-momentos-clave-del-ecosistema-cripto-en-2024-lo-que-necesitas-saber\/\" target=\"_self\" >Los Momentos Clave del Ecosistema Crypto en 2024: Lo que Necesitas Saber<\/a><\/h2><\/div>\n\n<\/li><li class=\"wp-block-post post-1759 post type-post status-publish format-standard hentry category-blog\">\n\n<div class=\"wp-block-group\" style=\"border-bottom-color:var(--wp--preset--color--contrast);border-bottom-width:1px\"><div class=\"wp-block-group__inner-container is-layout-flow wp-block-group-is-layout-flow\">\n<div class=\"wp-block-group is-content-justification-space-between is-nowrap is-layout-flex wp-container-core-group-is-layout-55e093fa wp-block-group-is-layout-flex\" style=\"padding-top:16px;padding-right:16px;padding-bottom:16px;padding-left:16px\">\n<div class=\"wp-block-group is-nowrap is-layout-flex wp-container-core-group-is-layout-236abb9a wp-block-group-is-layout-flex\">\n<p>\u2734\ufe0e<\/p>\n\n\n<div style=\"text-transform:uppercase; margin-top:0;margin-right:0;margin-bottom:0;margin-left:0;\" class=\"has-text-align-left has-link-color wp-elements-4003f76eccbf507a9e3d7e84a42ea154 wp-block-post-date has-text-color has-contrast-color has-small-font-size\"><time datetime=\"2024-11-27T07:35:58-04:00\">Nov 27, 2024<\/time><\/div><\/div>\n\n\n<div style=\"text-transform:uppercase\" class=\"taxonomy-category has-link-color wp-elements-d846021732facad792835971f80af878 wp-block-post-terms has-text-color has-contrast-color\"><span class=\"wp-block-post-terms__prefix\">\u2734\ufe0e <\/span><a href=\"https:\/\/carlosmorenoblockchain.com\/index.php\/category\/blog\/\" rel=\"tag\">Blog<\/a><\/div><\/div>\n<\/div><\/div>\n\n\n\n<div class=\"wp-block-group is-vertical is-layout-flex wp-container-core-group-is-layout-1134e2f3 wp-block-group-is-layout-flex\" style=\"padding-top:16px;padding-right:16px;padding-bottom:var(--wp--preset--spacing--70);padding-left:16px\"><h2 style=\"font-size:5.2rem;font-style:normal;font-weight:500;line-height:1.1;text-transform:uppercase; margin-top:0;margin-right:0;margin-bottom:0;margin-left:0;\" class=\"has-link-color wp-elements-eba6f7f6e0a9160611aa886fe4e31449 wp-block-post-title has-text-color has-contrast-color\"><a href=\"https:\/\/carlosmorenoblockchain.com\/index.php\/2024\/11\/27\/masterclass-la-era-de-la-ia\/\" target=\"_self\" >MasterClass La Era de la IA<\/a><\/h2><\/div>\n\n<\/li><li class=\"wp-block-post post-1577 post type-post status-publish format-standard hentry category-blog\">\n\n<div class=\"wp-block-group\" style=\"border-bottom-color:var(--wp--preset--color--contrast);border-bottom-width:1px\"><div class=\"wp-block-group__inner-container is-layout-flow wp-block-group-is-layout-flow\">\n<div class=\"wp-block-group is-content-justification-space-between is-nowrap is-layout-flex wp-container-core-group-is-layout-55e093fa wp-block-group-is-layout-flex\" style=\"padding-top:16px;padding-right:16px;padding-bottom:16px;padding-left:16px\">\n<div class=\"wp-block-group is-nowrap is-layout-flex wp-container-core-group-is-layout-236abb9a wp-block-group-is-layout-flex\">\n<p>\u2734\ufe0e<\/p>\n\n\n<div style=\"text-transform:uppercase; margin-top:0;margin-right:0;margin-bottom:0;margin-left:0;\" class=\"has-text-align-left has-link-color wp-elements-4003f76eccbf507a9e3d7e84a42ea154 wp-block-post-date has-text-color has-contrast-color has-small-font-size\"><time datetime=\"2024-09-06T09:43:04-04:00\">Sep 6, 2024<\/time><\/div><\/div>\n\n\n<div style=\"text-transform:uppercase\" class=\"taxonomy-category has-link-color wp-elements-d846021732facad792835971f80af878 wp-block-post-terms has-text-color has-contrast-color\"><span class=\"wp-block-post-terms__prefix\">\u2734\ufe0e <\/span><a href=\"https:\/\/carlosmorenoblockchain.com\/index.php\/category\/blog\/\" rel=\"tag\">Blog<\/a><\/div><\/div>\n<\/div><\/div>\n\n\n\n<div class=\"wp-block-group is-vertical is-layout-flex wp-container-core-group-is-layout-1134e2f3 wp-block-group-is-layout-flex\" style=\"padding-top:16px;padding-right:16px;padding-bottom:var(--wp--preset--spacing--70);padding-left:16px\"><h2 style=\"font-size:5.2rem;font-style:normal;font-weight:500;line-height:1.1;text-transform:uppercase; margin-top:0;margin-right:0;margin-bottom:0;margin-left:0;\" class=\"has-link-color wp-elements-eba6f7f6e0a9160611aa886fe4e31449 wp-block-post-title has-text-color has-contrast-color\"><a href=\"https:\/\/carlosmorenoblockchain.com\/index.php\/2024\/09\/06\/bitcoin-y-la-tokenizacion-de-materias-primas-una-estrategia-economica-para-el-futuro-de-los-paises\/\" target=\"_self\" >Bitcoin y la Tokenizaci\u00f3n de Materias Primas: Una Estrategia Econ\u00f3mica para el Futuro de los Pa\u00edses<\/a><\/h2><\/div>\n\n<\/li><\/ul><\/div><\/div>\n\n\n\n<div class=\"wp-block-group\" style=\"margin-top:0;margin-bottom:0;padding-top:var(--wp--preset--spacing--30);padding-right:16px;padding-bottom:var(--wp--preset--spacing--30);padding-left:16px\"><div class=\"wp-block-group__inner-container is-layout-flow wp-block-group-is-layout-flow\"><nav class=\"wp-block-query-pagination is-content-justification-left is-nowrap is-layout-flex wp-container-core-query-pagination-is-layout-f56a869c wp-block-query-pagination-is-layout-flex\" aria-label=\"Paginaci\u00f3n\">\n\n\n<a href=\"\/index.php\/wp-json\/wp\/v2\/pages\/1537?query-31-page=2\" style=\"text-transform:uppercase;\" class=\"wp-block-query-pagination-next has-small-font-size\">SIGUIENTE<\/a>\n<\/nav><\/div><\/div>\n<\/div>\n","protected":false},"excerpt":{"rendered":"","protected":false},"author":1,"featured_media":0,"parent":0,"menu_order":0,"comment_status":"closed","ping_status":"closed","template":"","meta":{"iawp_total_views":71,"footnotes":""},"class_list":["post-1537","page","type-page","status-publish"],"aioseo_notices":[],"_links":{"self":[{"href":"https:\/\/carlosmorenoblockchain.com\/index.php\/wp-json\/wp\/v2\/pages\/1537","targetHints":{"allow":["GET"]}}],"collection":[{"href":"https:\/\/carlosmorenoblockchain.com\/index.php\/wp-json\/wp\/v2\/pages"}],"about":[{"href":"https:\/\/carlosmorenoblockchain.com\/index.php\/wp-json\/wp\/v2\/types\/page"}],"author":[{"embeddable":true,"href":"https:\/\/carlosmorenoblockchain.com\/index.php\/wp-json\/wp\/v2\/users\/1"}],"replies":[{"embeddable":true,"href":"https:\/\/carlosmorenoblockchain.com\/index.php\/wp-json\/wp\/v2\/comments?post=1537"}],"version-history":[{"count":3,"href":"https:\/\/carlosmorenoblockchain.com\/index.php\/wp-json\/wp\/v2\/pages\/1537\/revisions"}],"predecessor-version":[{"id":1543,"href":"https:\/\/carlosmorenoblockchain.com\/index.php\/wp-json\/wp\/v2\/pages\/1537\/revisions\/1543"}],"wp:attachment":[{"href":"https:\/\/carlosmorenoblockchain.com\/index.php\/wp-json\/wp\/v2\/media?parent=1537"}],"curies":[{"name":"wp","href":"https:\/\/api.w.org\/{rel}","templated":true}]}}