{"id":1370,"date":"2024-08-13T07:50:47","date_gmt":"2024-08-13T11:50:47","guid":{"rendered":"https:\/\/carlosmorenoblockchain.com\/?page_id=1370"},"modified":"2024-11-11T17:49:28","modified_gmt":"2024-11-11T21:49:28","slug":"fundamentos-de-la-inteligencia-artificial-y-el-diseno-de-prompts","status":"publish","type":"page","link":"https:\/\/carlosmorenoblockchain.com\/index.php\/fundamentos-de-la-inteligencia-artificial-y-el-diseno-de-prompts\/","title":{"rendered":"Fundamentos de la Inteligencia Artificial y el dise\u00f1o de Prompts"},"content":{"rendered":"\n<div class=\"wp-block-columns is-layout-flex wp-container-core-columns-is-layout-9d6595d7 wp-block-columns-is-layout-flex\">\n<div class=\"wp-block-column is-layout-flow wp-block-column-is-layout-flow\"><div class=\"wp-block-image\">\n<figure class=\"aligncenter size-large is-resized\"><img loading=\"lazy\" decoding=\"async\" width=\"819\" height=\"1024\" src=\"https:\/\/carlosmorenoblockchain.com\/wp-content\/uploads\/2024\/11\/1731240080037-819x1024.jpg\" alt=\"\" class=\"wp-image-1677\" style=\"width:429px;height:auto\" srcset=\"https:\/\/carlosmorenoblockchain.com\/wp-content\/uploads\/2024\/11\/1731240080037-819x1024.jpg 819w, https:\/\/carlosmorenoblockchain.com\/wp-content\/uploads\/2024\/11\/1731240080037-240x300.jpg 240w, https:\/\/carlosmorenoblockchain.com\/wp-content\/uploads\/2024\/11\/1731240080037-768x960.jpg 768w, https:\/\/carlosmorenoblockchain.com\/wp-content\/uploads\/2024\/11\/1731240080037.jpg 1080w\" sizes=\"auto, (max-width: 819px) 100vw, 819px\" \/><\/figure>\n<\/div>\n\n\n<div style=\"height:45px\" aria-hidden=\"true\" class=\"wp-block-spacer\"><\/div>\n\n\n\n<h1 class=\"wp-block-heading has-text-align-center\"><strong>Fundamentos de la<\/strong> <strong>Inteligencia Artificial y el dise\u00f1o de Prompts<\/strong><\/h1>\n<\/div>\n\n\n\n<div class=\"wp-block-column is-layout-flow wp-block-column-is-layout-flow\">\n<figure class=\"wp-block-video\"><video height=\"720\" style=\"aspect-ratio: 720 \/ 720;\" width=\"720\" controls src=\"https:\/\/carlosmorenoblockchain.com\/wp-content\/uploads\/2024\/08\/Hola-nues-1.mp4\"><\/video><\/figure>\n<\/div>\n<\/div>\n\n\n\n<div style=\"height:40px\" aria-hidden=\"true\" class=\"wp-block-spacer\"><\/div>\n\n\n\n<p><strong>Objetivo General<\/strong><\/p>\n\n\n\n<p>Brindar una introducci\u00f3n comprensiva a la Inteligencia Artificial, con un \u00e9nfasis especial en la habilidad de dise\u00f1ar prompts efectivos para interactuar con modelos de lenguaje. Al finalizar el curso, los participantes podr\u00e1n entender los conceptos b\u00e1sicos de la IA, crear prompts claros y concisos, y aplicar estas habilidades en la vida diaria.<\/p>\n\n\n\n<p><strong>P\u00fablico Objetivo<\/strong><\/p>\n\n\n\n<ul class=\"wp-block-list\">\n<li>Personas sin conocimientos previos en IA: Curiosos por entender esta tecnolog\u00eda.<\/li>\n\n\n\n<li>Profesionales de cualquier \u00e1rea: Quieren aplicar la IA en su trabajo.<\/li>\n\n\n\n<li>Estudiantes: Desean ampliar sus conocimientos en el campo de la IA.<\/li>\n<\/ul>\n\n\n\n<p><strong>Temario<\/strong><\/p>\n\n\n\n<p>Sesi\u00f3n 1: \u00bfQu\u00e9 es la Inteligencia Artificial y por qu\u00e9 los Prompts son Importantes? (2 horas)<\/p>\n\n\n\n<ul class=\"wp-block-list\">\n<li>Introducci\u00f3n a la IA<\/li>\n\n\n\n<li>\u00bfQu\u00e9 es un prompt?<\/li>\n<\/ul>\n\n\n\n<p>Sesi\u00f3n 2: El Arte de Dise\u00f1ar Prompts Efectivos y Aplicaciones Pr\u00e1cticas (2 horas)<\/p>\n\n\n\n<ul class=\"wp-block-list\">\n<li>T\u00e9cnicas para dise\u00f1ar prompts<\/li>\n\n\n\n<li>Aplicaciones pr\u00e1cticas de los prompts en la vida diaria<\/li>\n\n\n\n<li>El futuro de los prompts<\/li>\n<\/ul>\n\n\n\n<div style=\"height:40px\" aria-hidden=\"true\" class=\"wp-block-spacer\"><\/div>\n\n\n\n<h2 class=\"wp-block-heading\">Material de apoyo:<\/h2>\n\n\n\n<div style=\"height:40px\" aria-hidden=\"true\" class=\"wp-block-spacer\"><\/div>\n\n\n\n<figure class=\"wp-block-video\"><video height=\"1080\" style=\"aspect-ratio: 1920 \/ 1080;\" width=\"1920\" controls src=\"https:\/\/carlosmorenoblockchain.com\/wp-content\/uploads\/2024\/11\/FIA.mp4\"><\/video><\/figure>\n\n\n\n<div style=\"height:40px\" aria-hidden=\"true\" class=\"wp-block-spacer\"><\/div>\n\n\n\n<div class=\"wp-block-columns is-layout-flex wp-container-core-columns-is-layout-9d6595d7 wp-block-columns-is-layout-flex\">\n<div class=\"wp-block-column is-layout-flow wp-block-column-is-layout-flow\">\n<div data-wp-interactive=\"core\/file\" class=\"wp-block-file\"><object data-wp-bind--hidden=\"!state.hasPdfPreview\" hidden class=\"wp-block-file__embed\" data=\"https:\/\/carlosmorenoblockchain.com\/wp-content\/uploads\/2024\/08\/FIA-1.pdf\" type=\"application\/pdf\" style=\"width:100%;height:600px\" aria-label=\"Incrustado de FIA.\"><\/object><a id=\"wp-block-file--media-fd06b0db-3bef-493b-b8ce-0b4b94747ecc\" href=\"https:\/\/carlosmorenoblockchain.com\/wp-content\/uploads\/2024\/08\/FIA-1.pdf\">FIA<\/a><a href=\"https:\/\/carlosmorenoblockchain.com\/wp-content\/uploads\/2024\/08\/FIA-1.pdf\" class=\"wp-block-file__button wp-element-button\" download aria-describedby=\"wp-block-file--media-fd06b0db-3bef-493b-b8ce-0b4b94747ecc\">Descarga<\/a><\/div>\n<\/div>\n<\/div>\n\n\n\n<div style=\"height:40px\" aria-hidden=\"true\" class=\"wp-block-spacer\"><\/div>\n\n\n\n<h2 class=\"wp-block-heading\">Enlaces de inter\u00e9s:<\/h2>\n\n\n\n<p><a href=\"https:\/\/gemini.google.com\/app\">https:\/\/gemini.google.com\/app<\/a><\/p>\n\n\n\n<p><a href=\"https:\/\/www.bing.com\/chat?q=Bing%20AI&amp;qs=ds&amp;form=HECODX\" target=\"_blank\" rel=\"noopener\" title=\"\">Microsoft Copilot en Bing<\/a><\/p>\n","protected":false},"excerpt":{"rendered":"<p>Fundamentos de la Inteligencia Artificial y el dise\u00f1o de Prompts Objetivo General Brindar una introducci\u00f3n comprensiva a la Inteligencia Artificial, con un \u00e9nfasis especial en la habilidad de dise\u00f1ar prompts efectivos para interactuar con modelos de lenguaje. Al finalizar el curso, los participantes podr\u00e1n entender los conceptos b\u00e1sicos de la IA, crear prompts claros y &#8230; <a title=\"Fundamentos de la Inteligencia Artificial y el dise\u00f1o de Prompts\" class=\"read-more\" href=\"https:\/\/carlosmorenoblockchain.com\/index.php\/fundamentos-de-la-inteligencia-artificial-y-el-diseno-de-prompts\/\" aria-label=\"Leer m\u00e1s sobre Fundamentos de la Inteligencia Artificial y el dise\u00f1o de Prompts\">Leer m\u00e1s<\/a><\/p>\n","protected":false},"author":1,"featured_media":0,"parent":0,"menu_order":0,"comment_status":"closed","ping_status":"closed","template":"","meta":{"iawp_total_views":803,"footnotes":""},"class_list":["post-1370","page","type-page","status-publish"],"aioseo_notices":[],"_links":{"self":[{"href":"https:\/\/carlosmorenoblockchain.com\/index.php\/wp-json\/wp\/v2\/pages\/1370","targetHints":{"allow":["GET"]}}],"collection":[{"href":"https:\/\/carlosmorenoblockchain.com\/index.php\/wp-json\/wp\/v2\/pages"}],"about":[{"href":"https:\/\/carlosmorenoblockchain.com\/index.php\/wp-json\/wp\/v2\/types\/page"}],"author":[{"embeddable":true,"href":"https:\/\/carlosmorenoblockchain.com\/index.php\/wp-json\/wp\/v2\/users\/1"}],"replies":[{"embeddable":true,"href":"https:\/\/carlosmorenoblockchain.com\/index.php\/wp-json\/wp\/v2\/comments?post=1370"}],"version-history":[{"count":31,"href":"https:\/\/carlosmorenoblockchain.com\/index.php\/wp-json\/wp\/v2\/pages\/1370\/revisions"}],"predecessor-version":[{"id":1681,"href":"https:\/\/carlosmorenoblockchain.com\/index.php\/wp-json\/wp\/v2\/pages\/1370\/revisions\/1681"}],"wp:attachment":[{"href":"https:\/\/carlosmorenoblockchain.com\/index.php\/wp-json\/wp\/v2\/media?parent=1370"}],"curies":[{"name":"wp","href":"https:\/\/api.w.org\/{rel}","templated":true}]}}